{"id":782,"date":"2023-01-09T11:56:28","date_gmt":"2023-01-09T11:56:28","guid":{"rendered":"https:\/\/www.merzougahorseriding.com\/sobre-nosotros\/"},"modified":"2023-02-08T15:04:36","modified_gmt":"2023-02-08T15:04:36","slug":"sobre-nosotros","status":"publish","type":"page","link":"https:\/\/www.merzougahorseriding.com\/es\/sobre-nosotros\/","title":{"rendered":"Sobre Nosotros"},"content":{"rendered":"\t\t<div data-elementor-type=\"wp-page\" data-elementor-id=\"782\" class=\"elementor elementor-782 elementor-128\" data-elementor-post-type=\"page\">\n\t\t\t\t\t\t<section class=\"elementor-section elementor-top-section elementor-element elementor-element-4c4b9173 elementor-section-full_width elementor-section-height-default elementor-section-height-default\" data-id=\"4c4b9173\" data-element_type=\"section\" data-e-type=\"section\" data-settings=\"{&quot;background_background&quot;:&quot;classic&quot;}\">\n\t\t\t\t\t\t<div class=\"elementor-container elementor-column-gap-default\">\n\t\t\t\t\t<div class=\"elementor-column elementor-col-100 elementor-top-column elementor-element elementor-element-212de5f9\" data-id=\"212de5f9\" data-element_type=\"column\" data-e-type=\"column\">\n\t\t\t<div class=\"elementor-widget-wrap elementor-element-populated\">\n\t\t\t\t\t\t<div class=\"elementor-element elementor-element-671e22ea elementor-widget elementor-widget-heading\" data-id=\"671e22ea\" data-element_type=\"widget\" data-e-type=\"widget\" data-widget_type=\"heading.default\">\n\t\t\t\t\t<h2 class=\"elementor-heading-title elementor-size-default\">Sobre Nosotros<\/h2>\t\t\t\t<\/div>\n\t\t\t\t\t<\/div>\n\t\t<\/div>\n\t\t\t\t\t<\/div>\n\t\t<\/section>\n\t\t\t\t<section class=\"elementor-section elementor-top-section elementor-element elementor-element-6e6a684 elementor-section-boxed elementor-section-height-default elementor-section-height-default\" data-id=\"6e6a684\" data-element_type=\"section\" data-e-type=\"section\">\n\t\t\t\t\t\t<div class=\"elementor-container elementor-column-gap-default\">\n\t\t\t\t\t<div class=\"elementor-column elementor-col-50 elementor-top-column elementor-element elementor-element-6b897dc\" data-id=\"6b897dc\" data-element_type=\"column\" data-e-type=\"column\">\n\t\t\t<div class=\"elementor-widget-wrap elementor-element-populated\">\n\t\t\t\t\t\t<div class=\"elementor-element elementor-element-e682665 elementor-widget elementor-widget-heading\" data-id=\"e682665\" data-element_type=\"widget\" data-e-type=\"widget\" data-widget_type=\"heading.default\">\n\t\t\t\t\t<h2 class=\"elementor-heading-title elementor-size-default\">Qui\u00e9n Soy?<\/h2>\t\t\t\t<\/div>\n\t\t\t\t<div class=\"elementor-element elementor-element-c44c16b elementor-widget elementor-widget-text-editor\" data-id=\"c44c16b\" data-element_type=\"widget\" data-e-type=\"widget\" data-widget_type=\"text-editor.default\">\n\t\t\t\t\t\t\t\t\t<p>Yassine vive en un peque\u00f1o pueblo llamado \u00abHaroun\u00bb, en la carretera entre Rissani y el desierto de Merzouga. Desde muy joven sinti\u00f3 una pasi\u00f3n extrema por los caballos y pasaba horas de su rutina diaria montando a caballo y explorando la naturaleza, y a medida que crec\u00eda, su amor por los caballos no hac\u00eda m\u00e1s que aumentar.<\/p>\n<p>De joven, finalmente decidi\u00f3 convertir su pasi\u00f3n en una verdadera carrera y cre\u00f3 una peque\u00f1a empresa local independiente con el nombre de \u00abMerzouga Horse Riding\u00bb, que ofrece excursiones y paseos a caballo por el S\u00e1hara de Merzouga y sus alrededores.<\/p>\n<p>Merzouga Horse Riding fue un \u00e9xito desde el principio, ya que visitantes de todo el mundo se sintieron atra\u00eddos por la belleza del desierto y la emoci\u00f3n de montar a caballo.<\/p>\n<p>Yassine ha adiestrado a sus caballos con sumo cuidado y atenci\u00f3n, y cada uno de ellos fue seleccionado a mano por su temperamento apacible y su capacidad para surcar el terreno des\u00e9rtico.<\/p>\n\t\t\t\t\t\t\t\t<\/div>\n\t\t\t\t\t<\/div>\n\t\t<\/div>\n\t\t\t\t<div class=\"elementor-column elementor-col-50 elementor-top-column elementor-element elementor-element-d776b42\" data-id=\"d776b42\" data-element_type=\"column\" data-e-type=\"column\">\n\t\t\t<div class=\"elementor-widget-wrap elementor-element-populated\">\n\t\t\t\t\t\t<div class=\"elementor-element elementor-element-c13c923 elementor-widget elementor-widget-image\" data-id=\"c13c923\" data-element_type=\"widget\" data-e-type=\"widget\" data-widget_type=\"image.default\">\n\t\t\t\t\t\t\t\t\t\t\t\t\t\t\t<img fetchpriority=\"high\" decoding=\"async\" width=\"750\" height=\"1000\" src=\"https:\/\/www.merzougahorseriding.com\/wp-content\/uploads\/2023\/02\/Yassine-Essagaoui.jpg\" class=\"attachment-full size-full wp-image-652\" alt=\"\" srcset=\"https:\/\/www.merzougahorseriding.com\/wp-content\/uploads\/2023\/02\/Yassine-Essagaoui.jpg 750w, https:\/\/www.merzougahorseriding.com\/wp-content\/uploads\/2023\/02\/Yassine-Essagaoui-225x300.jpg 225w\" sizes=\"(max-width: 750px) 100vw, 750px\" \/>\t\t\t\t\t\t\t\t\t\t\t\t\t\t\t<\/div>\n\t\t\t\t\t<\/div>\n\t\t<\/div>\n\t\t\t\t\t<\/div>\n\t\t<\/section>\n\t\t\t\t<section class=\"elementor-section elementor-top-section elementor-element elementor-element-d0e669d elementor-section-boxed elementor-section-height-default elementor-section-height-default\" data-id=\"d0e669d\" data-element_type=\"section\" data-e-type=\"section\">\n\t\t\t\t\t\t<div class=\"elementor-container elementor-column-gap-default\">\n\t\t\t\t\t<div class=\"elementor-column elementor-col-50 elementor-top-column elementor-element elementor-element-f7af551\" data-id=\"f7af551\" data-element_type=\"column\" data-e-type=\"column\">\n\t\t\t<div class=\"elementor-widget-wrap elementor-element-populated\">\n\t\t\t\t\t\t<div class=\"elementor-element elementor-element-5222744 elementor-widget elementor-widget-text-editor\" data-id=\"5222744\" data-element_type=\"widget\" data-e-type=\"widget\" data-widget_type=\"text-editor.default\">\n\t\t\t\t\t\t\t\t\t<p>Merzouga Horse Riding ofrece una amplia gama de servicios, desde breves paseos a caballo para disfrutar de la emblem\u00e1tica puesta de sol, el amanecer y el lago estacional, hasta excursiones completas y gestionadas de un d\u00eda para explorar los pueblos de los alrededores, visitar a las familias n\u00f3madas y conocer diferentes estilos de vida y culturas a lo largo del viaje.<\/p>\n<p>Si busca una aventura \u00fanica e inolvidable en el coraz\u00f3n del desierto de Merzouga, Yassine y su amable equipo de Merzouga Horse Riding son lo que necesita. Se dedican a proporcionarle una experiencia de equitaci\u00f3n \u00fanica que nunca olvidar\u00e1.<\/p>\n\t\t\t\t\t\t\t\t<\/div>\n\t\t\t\t\t<\/div>\n\t\t<\/div>\n\t\t\t\t<div class=\"elementor-column elementor-col-50 elementor-top-column elementor-element elementor-element-67d2a51\" data-id=\"67d2a51\" data-element_type=\"column\" data-e-type=\"column\">\n\t\t\t<div class=\"elementor-widget-wrap elementor-element-populated\">\n\t\t\t\t\t\t<div class=\"elementor-element elementor-element-d83b867 elementor-widget elementor-widget-image\" data-id=\"d83b867\" data-element_type=\"widget\" data-e-type=\"widget\" data-widget_type=\"image.default\">\n\t\t\t\t\t\t\t\t\t\t\t\t\t\t\t<img decoding=\"async\" width=\"750\" height=\"1000\" src=\"https:\/\/www.merzougahorseriding.com\/wp-content\/uploads\/2023\/02\/Horse-Riding-Merzouga.jpg\" class=\"attachment-full size-full wp-image-655\" alt=\"\" srcset=\"https:\/\/www.merzougahorseriding.com\/wp-content\/uploads\/2023\/02\/Horse-Riding-Merzouga.jpg 750w, https:\/\/www.merzougahorseriding.com\/wp-content\/uploads\/2023\/02\/Horse-Riding-Merzouga-225x300.jpg 225w\" sizes=\"(max-width: 750px) 100vw, 750px\" \/>\t\t\t\t\t\t\t\t\t\t\t\t\t\t\t<\/div>\n\t\t\t\t\t<\/div>\n\t\t<\/div>\n\t\t\t\t\t<\/div>\n\t\t<\/section>\n\t\t\t\t<\/div>\n\t\t","protected":false},"excerpt":{"rendered":"<p>Sobre Nosotros Qui\u00e9n Soy? Yassine vive en un peque\u00f1o pueblo llamado \u00abHaroun\u00bb, en la carretera entre Rissani y el desierto de Merzouga. Desde muy joven sinti\u00f3 una pasi\u00f3n extrema por los caballos y pasaba horas de su rutina diaria montando a caballo y explorando la naturaleza, y a medida que crec\u00eda, su amor por los&#8230;<\/p>\n","protected":false},"author":1,"featured_media":0,"parent":0,"menu_order":0,"comment_status":"closed","ping_status":"closed","template":"elementor_header_footer","meta":{"_kad_post_transparent":"","_kad_post_title":"","_kad_post_layout":"","_kad_post_sidebar_id":"","_kad_post_content_style":"","_kad_post_vertical_padding":"","_kad_post_feature":"","_kad_post_feature_position":"","_kad_post_header":false,"_kad_post_footer":false,"_kad_post_classname":"","footnotes":""},"class_list":["post-782","page","type-page","status-publish","hentry"],"_links":{"self":[{"href":"https:\/\/www.merzougahorseriding.com\/es\/wp-json\/wp\/v2\/pages\/782","targetHints":{"allow":["GET"]}}],"collection":[{"href":"https:\/\/www.merzougahorseriding.com\/es\/wp-json\/wp\/v2\/pages"}],"about":[{"href":"https:\/\/www.merzougahorseriding.com\/es\/wp-json\/wp\/v2\/types\/page"}],"author":[{"embeddable":true,"href":"https:\/\/www.merzougahorseriding.com\/es\/wp-json\/wp\/v2\/users\/1"}],"replies":[{"embeddable":true,"href":"https:\/\/www.merzougahorseriding.com\/es\/wp-json\/wp\/v2\/comments?post=782"}],"version-history":[{"count":1,"href":"https:\/\/www.merzougahorseriding.com\/es\/wp-json\/wp\/v2\/pages\/782\/revisions"}],"predecessor-version":[{"id":783,"href":"https:\/\/www.merzougahorseriding.com\/es\/wp-json\/wp\/v2\/pages\/782\/revisions\/783"}],"wp:attachment":[{"href":"https:\/\/www.merzougahorseriding.com\/es\/wp-json\/wp\/v2\/media?parent=782"}],"curies":[{"name":"wp","href":"https:\/\/api.w.org\/{rel}","templated":true}]}}