{"id":722,"date":"2023-01-09T11:56:28","date_gmt":"2023-01-09T11:56:28","guid":{"rendered":"https:\/\/www.merzougahorseriding.com\/a-propos-de-nous\/"},"modified":"2023-02-08T12:11:40","modified_gmt":"2023-02-08T12:11:40","slug":"a-propos-de-nous","status":"publish","type":"page","link":"https:\/\/www.merzougahorseriding.com\/fr\/a-propos-de-nous\/","title":{"rendered":"\u00c0 propos de nous"},"content":{"rendered":"\t\t<div data-elementor-type=\"wp-page\" data-elementor-id=\"722\" class=\"elementor elementor-722 elementor-128\" data-elementor-post-type=\"page\">\n\t\t\t\t\t\t<section class=\"elementor-section elementor-top-section elementor-element elementor-element-4c4b9173 elementor-section-full_width elementor-section-height-default elementor-section-height-default\" data-id=\"4c4b9173\" data-element_type=\"section\" data-e-type=\"section\" data-settings=\"{&quot;background_background&quot;:&quot;classic&quot;}\">\n\t\t\t\t\t\t<div class=\"elementor-container elementor-column-gap-default\">\n\t\t\t\t\t<div class=\"elementor-column elementor-col-100 elementor-top-column elementor-element elementor-element-212de5f9\" data-id=\"212de5f9\" data-element_type=\"column\" data-e-type=\"column\">\n\t\t\t<div class=\"elementor-widget-wrap elementor-element-populated\">\n\t\t\t\t\t\t<div class=\"elementor-element elementor-element-671e22ea elementor-widget elementor-widget-heading\" data-id=\"671e22ea\" data-element_type=\"widget\" data-e-type=\"widget\" data-widget_type=\"heading.default\">\n\t\t\t\t\t<h2 class=\"elementor-heading-title elementor-size-default\">\u00c0 propos de nous<\/h2>\t\t\t\t<\/div>\n\t\t\t\t\t<\/div>\n\t\t<\/div>\n\t\t\t\t\t<\/div>\n\t\t<\/section>\n\t\t\t\t<section class=\"elementor-section elementor-top-section elementor-element elementor-element-6e6a684 elementor-section-boxed elementor-section-height-default elementor-section-height-default\" data-id=\"6e6a684\" data-element_type=\"section\" data-e-type=\"section\">\n\t\t\t\t\t\t<div class=\"elementor-container elementor-column-gap-default\">\n\t\t\t\t\t<div class=\"elementor-column elementor-col-50 elementor-top-column elementor-element elementor-element-6b897dc\" data-id=\"6b897dc\" data-element_type=\"column\" data-e-type=\"column\">\n\t\t\t<div class=\"elementor-widget-wrap elementor-element-populated\">\n\t\t\t\t\t\t<div class=\"elementor-element elementor-element-e682665 elementor-widget elementor-widget-heading\" data-id=\"e682665\" data-element_type=\"widget\" data-e-type=\"widget\" data-widget_type=\"heading.default\">\n\t\t\t\t\t<h2 class=\"elementor-heading-title elementor-size-default\">Qui suis-je?<\/h2>\t\t\t\t<\/div>\n\t\t\t\t<div class=\"elementor-element elementor-element-c44c16b elementor-widget elementor-widget-text-editor\" data-id=\"c44c16b\" data-element_type=\"widget\" data-e-type=\"widget\" data-widget_type=\"text-editor.default\">\n\t\t\t\t\t\t\t\t\t<p>Yassine vit dans un petit village appel\u00e9 \u00ab\u00a0Haroun\u00a0\u00bb sur la route entre Rissani et le d\u00e9sert de Merzouga. Depuis son plus jeune \u00e2ge, il avait une passion extr\u00eame pour les chevaux et il passait des heures dans sa routine quotidienne \u00e0 monter son cheval et \u00e0 explorer la nature, et en grandissant, son amour pour les chevaux n&rsquo;a fait que se renforcer.<\/p>\n<p>En tant que jeune homme, il a finalement d\u00e9cid\u00e9 de transformer sa passion en une v\u00e9ritable carri\u00e8re et a lanc\u00e9 une petite entreprise locale ind\u00e9pendante sous le nom de \u00ab\u00a0Merzouga Horse Riding\u00a0\u00bb qui propose des excursions et des visites \u00e0 cheval dans le Sahara de Merzouga et ses environs.<\/p>\n<p>Merzouga Horse Riding a \u00e9t\u00e9 un succ\u00e8s d\u00e8s le d\u00e9but, car les visiteurs du monde entier \u00e9taient d\u00e9j\u00e0 attir\u00e9s par la beaut\u00e9 du d\u00e9sert et les sensations de l&rsquo;\u00e9quitation.<\/p>\n<p>Yassine a entra\u00een\u00e9 ses chevaux avec beaucoup de soin et d&rsquo;attention, et chaque cheval a \u00e9t\u00e9 s\u00e9lectionn\u00e9 pour son temp\u00e9rament doux et sa capacit\u00e9 \u00e0 naviguer sur le terrain du d\u00e9sert.<\/p>\n\t\t\t\t\t\t\t\t<\/div>\n\t\t\t\t\t<\/div>\n\t\t<\/div>\n\t\t\t\t<div class=\"elementor-column elementor-col-50 elementor-top-column elementor-element elementor-element-d776b42\" data-id=\"d776b42\" data-element_type=\"column\" data-e-type=\"column\">\n\t\t\t<div class=\"elementor-widget-wrap elementor-element-populated\">\n\t\t\t\t\t\t<div class=\"elementor-element elementor-element-c13c923 elementor-widget elementor-widget-image\" data-id=\"c13c923\" data-element_type=\"widget\" data-e-type=\"widget\" data-widget_type=\"image.default\">\n\t\t\t\t\t\t\t\t\t\t\t\t\t\t\t<img fetchpriority=\"high\" decoding=\"async\" width=\"750\" height=\"1000\" src=\"https:\/\/www.merzougahorseriding.com\/wp-content\/uploads\/2023\/02\/Yassine-Essagaoui.jpg\" class=\"attachment-full size-full wp-image-650\" alt=\"\" srcset=\"https:\/\/www.merzougahorseriding.com\/wp-content\/uploads\/2023\/02\/Yassine-Essagaoui.jpg 750w, https:\/\/www.merzougahorseriding.com\/wp-content\/uploads\/2023\/02\/Yassine-Essagaoui-225x300.jpg 225w\" sizes=\"(max-width: 750px) 100vw, 750px\" \/>\t\t\t\t\t\t\t\t\t\t\t\t\t\t\t<\/div>\n\t\t\t\t\t<\/div>\n\t\t<\/div>\n\t\t\t\t\t<\/div>\n\t\t<\/section>\n\t\t\t\t<section class=\"elementor-section elementor-top-section elementor-element elementor-element-d0e669d elementor-section-boxed elementor-section-height-default elementor-section-height-default\" data-id=\"d0e669d\" data-element_type=\"section\" data-e-type=\"section\">\n\t\t\t\t\t\t<div class=\"elementor-container elementor-column-gap-default\">\n\t\t\t\t\t<div class=\"elementor-column elementor-col-50 elementor-top-column elementor-element elementor-element-f7af551\" data-id=\"f7af551\" data-element_type=\"column\" data-e-type=\"column\">\n\t\t\t<div class=\"elementor-widget-wrap elementor-element-populated\">\n\t\t\t\t\t\t<div class=\"elementor-element elementor-element-5222744 elementor-widget elementor-widget-text-editor\" data-id=\"5222744\" data-element_type=\"widget\" data-e-type=\"widget\" data-widget_type=\"text-editor.default\">\n\t\t\t\t\t\t\t\t\t<p><a href=\"https:\/\/www.merzougahorseriding.com\/fr\/\">Merzouga Horse Riding<\/a> offre une large gamme de services allant de courtes promenades \u00e0 cheval pour profiter de l&#8217;embl\u00e9matique coucher et lever de soleil et du lac saisonnier jusqu&rsquo;\u00e0 des excursions compl\u00e8tes et g\u00e9r\u00e9es d&rsquo;une journ\u00e9e pour explorer les villages environnants, visiter les familles nomades et apprendre les diff\u00e9rents modes de vie, les cultures tout au long du voyage.<\/p>\n<p>Si vous \u00eates \u00e0 la recherche d&rsquo;une aventure unique et inoubliable au c\u0153ur du d\u00e9sert de Merzouga, ne cherchez pas plus loin que Yassine et sa sympathique \u00e9quipe de Merzouga Horse Riding. Ils s&rsquo;engagent \u00e0 vous faire vivre une exp\u00e9rience unique d&rsquo;\u00e9quitation que vous n&rsquo;oublierez jamais.<\/p>\n\t\t\t\t\t\t\t\t<\/div>\n\t\t\t\t\t<\/div>\n\t\t<\/div>\n\t\t\t\t<div class=\"elementor-column elementor-col-50 elementor-top-column elementor-element elementor-element-67d2a51\" data-id=\"67d2a51\" data-element_type=\"column\" data-e-type=\"column\">\n\t\t\t<div class=\"elementor-widget-wrap elementor-element-populated\">\n\t\t\t\t\t\t<div class=\"elementor-element elementor-element-d83b867 elementor-widget elementor-widget-image\" data-id=\"d83b867\" data-element_type=\"widget\" data-e-type=\"widget\" data-widget_type=\"image.default\">\n\t\t\t\t\t\t\t\t\t\t\t\t\t\t\t<img decoding=\"async\" width=\"750\" height=\"1000\" src=\"https:\/\/www.merzougahorseriding.com\/wp-content\/uploads\/2023\/02\/Horse-Riding-Merzouga.jpg\" class=\"attachment-full size-full wp-image-653\" alt=\"\" srcset=\"https:\/\/www.merzougahorseriding.com\/wp-content\/uploads\/2023\/02\/Horse-Riding-Merzouga.jpg 750w, https:\/\/www.merzougahorseriding.com\/wp-content\/uploads\/2023\/02\/Horse-Riding-Merzouga-225x300.jpg 225w\" sizes=\"(max-width: 750px) 100vw, 750px\" \/>\t\t\t\t\t\t\t\t\t\t\t\t\t\t\t<\/div>\n\t\t\t\t\t<\/div>\n\t\t<\/div>\n\t\t\t\t\t<\/div>\n\t\t<\/section>\n\t\t\t\t<\/div>\n\t\t","protected":false},"excerpt":{"rendered":"<p>\u00c0 propos de nous Qui suis-je? Yassine vit dans un petit village appel\u00e9 \u00ab\u00a0Haroun\u00a0\u00bb sur la route entre Rissani et le d\u00e9sert de Merzouga. Depuis son plus jeune \u00e2ge, il avait une passion extr\u00eame pour les chevaux et il passait des heures dans sa routine quotidienne \u00e0 monter son cheval et \u00e0 explorer la nature,&#8230;<\/p>\n","protected":false},"author":1,"featured_media":0,"parent":0,"menu_order":0,"comment_status":"closed","ping_status":"closed","template":"elementor_header_footer","meta":{"_kad_post_transparent":"","_kad_post_title":"","_kad_post_layout":"","_kad_post_sidebar_id":"","_kad_post_content_style":"","_kad_post_vertical_padding":"","_kad_post_feature":"","_kad_post_feature_position":"","_kad_post_header":false,"_kad_post_footer":false,"_kad_post_classname":"","footnotes":""},"class_list":["post-722","page","type-page","status-publish","hentry"],"_links":{"self":[{"href":"https:\/\/www.merzougahorseriding.com\/fr\/wp-json\/wp\/v2\/pages\/722","targetHints":{"allow":["GET"]}}],"collection":[{"href":"https:\/\/www.merzougahorseriding.com\/fr\/wp-json\/wp\/v2\/pages"}],"about":[{"href":"https:\/\/www.merzougahorseriding.com\/fr\/wp-json\/wp\/v2\/types\/page"}],"author":[{"embeddable":true,"href":"https:\/\/www.merzougahorseriding.com\/fr\/wp-json\/wp\/v2\/users\/1"}],"replies":[{"embeddable":true,"href":"https:\/\/www.merzougahorseriding.com\/fr\/wp-json\/wp\/v2\/comments?post=722"}],"version-history":[{"count":3,"href":"https:\/\/www.merzougahorseriding.com\/fr\/wp-json\/wp\/v2\/pages\/722\/revisions"}],"predecessor-version":[{"id":751,"href":"https:\/\/www.merzougahorseriding.com\/fr\/wp-json\/wp\/v2\/pages\/722\/revisions\/751"}],"wp:attachment":[{"href":"https:\/\/www.merzougahorseriding.com\/fr\/wp-json\/wp\/v2\/media?parent=722"}],"curies":[{"name":"wp","href":"https:\/\/api.w.org\/{rel}","templated":true}]}}